{"id":1301,"date":"2018-12-13T13:54:10","date_gmt":"2018-12-13T12:54:10","guid":{"rendered":"https:\/\/aarhusshinkyokushinkarate.dk\/?page_id=1301"},"modified":"2026-04-09T00:05:38","modified_gmt":"2026-04-08T22:05:38","slug":"forside","status":"publish","type":"page","link":"https:\/\/aarhusshinkyokushinkarate.dk\/","title":{"rendered":"Forside"},"content":{"rendered":"<p class=\"p1\"><strong><a href=\"https:\/\/aarhusshinkyokushinkarate.dk\/wp-content\/uploads\/2023\/11\/ASK-1-scaled.gif\"><img loading=\"lazy\" decoding=\"async\" class=\"aligncenter size-large wp-image-1598\" src=\"https:\/\/aarhusshinkyokushinkarate.dk\/wp-content\/uploads\/2023\/11\/ASK-1-1024x79.gif\" alt=\"\" width=\"1024\" height=\"79\" srcset=\"https:\/\/aarhusshinkyokushinkarate.dk\/wp-content\/uploads\/2023\/11\/ASK-1-1024x79.gif 1024w, https:\/\/aarhusshinkyokushinkarate.dk\/wp-content\/uploads\/2023\/11\/ASK-1-300x23.gif 300w, https:\/\/aarhusshinkyokushinkarate.dk\/wp-content\/uploads\/2023\/11\/ASK-1-768x59.gif 768w, https:\/\/aarhusshinkyokushinkarate.dk\/wp-content\/uploads\/2023\/11\/ASK-1-1536x118.gif 1536w, https:\/\/aarhusshinkyokushinkarate.dk\/wp-content\/uploads\/2023\/11\/ASK-1-2048x157.gif 2048w\" sizes=\"auto, (max-width: 1024px) 100vw, 1024px\" \/><\/a><\/strong><\/p>\n<hr \/>\n<p style=\"text-align: left;\" align=\"center\"><strong>Aarhus Shinkyokushin Karate<\/strong> tr\u00e6ner i lyse lokaler p\u00e5 Folkestedet \u2014 ved siden af Godsbanen \u2014 i Aarhus midtby.<\/p>\n<p style=\"text-align: left;\" align=\"center\">Du f\u00e5r sved p\u00e5 panden og god kondition med en masse stilartstr\u00e6ning, spark og slag p\u00e5 puder, samt tr\u00e6ningskampe. Det er en karatestil med kontakt, og vi passer godt p\u00e5 hinanden.<\/p>\n<p style=\"text-align: left;\" align=\"center\">Kig forbi til en gratis pr\u00f8vetr\u00e6ning, hvis du overvejer at begynde at dyrke en kampsport. Du m\u00f8der bare op i dit almindelige sportst\u00f8j og hav gerne en flaske vand med, for du kommer til at svede. Kom et kvarter f\u00f8r \u2014 yderd\u00f8ren til Folkestedet kan v\u00e6re l\u00e5st, men du f\u00e5r sikkert \u00f8je p\u00e5 \u00e9n af os i hvid karate-gi, som vil hj\u00e6lpe dig ind og vise vej.<\/p>\n<p style=\"text-align: left;\" align=\"center\">Du kan pr\u00f8vetr\u00e6ne i en m\u00e5ned, og hvis du forts\u00e6tter er kontingentet s\u00e5 lavt som 150 kroner pr. m\u00e5neden.<\/p>\n<p style=\"text-align: left;\" align=\"center\"><strong>Om stilarten<\/strong><\/p>\n<p style=\"text-align: left;\" align=\"center\">Shinkyokushin Karate er en fuldkontakt kampsport bygget op om respekt, disciplin, etikette og ydmyghed. Vi underviser i selvforsvar og kamp, teknik og styrke. Gennem tr\u00e6ningen opbygger vi vores fysiske form, selvtillid, kammeratskab og selvkontrol.<\/p>\n<p style=\"text-align: left;\" align=\"center\">Stilarten kan dyrkes af alle uanset alder, k\u00f8n med mere. Der kr\u00e6ves ingen forkundskaber, og den fysiske form har ingen betydning. Alle starter p\u00e5 vidt forskellige niveauer, men instrukt\u00f8rerne s\u00f8rger for at optr\u00e6ne alle grundigt fra start af, og gennem gensidig hensyntagen udvikler den enkelte sig i sit eget tempo.<\/p>\n<p style=\"text-align: left;\" align=\"center\">Aarhus Shinkyokushin Karate (AaSK) er tilknyttet Dansk Karate Union (DKU), og som medlem af AaSK kan deltage i DKU\u2019s arrangementer.<\/p>\n\n\n<p><\/p>\n","protected":false},"excerpt":{"rendered":"<p>Aarhus Shinkyokushin Karate tr\u00e6ner i lyse lokaler p\u00e5 Folkestedet \u2014 ved siden af Godsbanen \u2014 i Aarhus midtby. Du f\u00e5r sved p\u00e5 panden og god kondition med en masse stilartstr\u00e6ning, spark og slag p\u00e5 puder, samt tr\u00e6ningskampe. Det er en karatestil med kontakt, og vi passer godt p\u00e5 hinanden. Kig forbi til en gratis pr\u00f8vetr\u00e6ning, [&hellip;]<\/p>\n","protected":false},"author":1,"featured_media":0,"parent":0,"menu_order":0,"comment_status":"closed","ping_status":"closed","template":"","meta":{"footnotes":""},"class_list":["post-1301","page","type-page","status-publish","czr-hentry"],"_links":{"self":[{"href":"https:\/\/aarhusshinkyokushinkarate.dk\/index.php?rest_route=\/wp\/v2\/pages\/1301","targetHints":{"allow":["GET"]}}],"collection":[{"href":"https:\/\/aarhusshinkyokushinkarate.dk\/index.php?rest_route=\/wp\/v2\/pages"}],"about":[{"href":"https:\/\/aarhusshinkyokushinkarate.dk\/index.php?rest_route=\/wp\/v2\/types\/page"}],"author":[{"embeddable":true,"href":"https:\/\/aarhusshinkyokushinkarate.dk\/index.php?rest_route=\/wp\/v2\/users\/1"}],"replies":[{"embeddable":true,"href":"https:\/\/aarhusshinkyokushinkarate.dk\/index.php?rest_route=%2Fwp%2Fv2%2Fcomments&post=1301"}],"version-history":[{"count":67,"href":"https:\/\/aarhusshinkyokushinkarate.dk\/index.php?rest_route=\/wp\/v2\/pages\/1301\/revisions"}],"predecessor-version":[{"id":1686,"href":"https:\/\/aarhusshinkyokushinkarate.dk\/index.php?rest_route=\/wp\/v2\/pages\/1301\/revisions\/1686"}],"wp:attachment":[{"href":"https:\/\/aarhusshinkyokushinkarate.dk\/index.php?rest_route=%2Fwp%2Fv2%2Fmedia&parent=1301"}],"curies":[{"name":"wp","href":"https:\/\/api.w.org\/{rel}","templated":true}]}}