{"id":1361,"date":"2018-12-21T07:57:48","date_gmt":"2018-12-21T06:57:48","guid":{"rendered":"https:\/\/aarhusshinkyokushinkarate.dk\/?page_id=1361"},"modified":"2026-03-30T14:59:34","modified_gmt":"2026-03-30T12:59:34","slug":"traeningstider","status":"publish","type":"page","link":"https:\/\/aarhusshinkyokushinkarate.dk\/?page_id=1361","title":{"rendered":"Tid og sted"},"content":{"rendered":"<h3 class=\"p1\">Tr\u00e6ningstider<\/h3>\n<p>Vi holder til p\u00e5 Folkestedet, Carl Blochs Gade 28, 8000 Aarhus C. Vi tr\u00e6ner:<\/p>\n<ul>\n<li>mandag fra 18:00 til 19:30 i lokale 1.1 (1. sal), og<\/li>\n<li>torsdag fra 19:00 til 20:30 i lokale 1.4 (1. sal), med mulighed for yderligere tr\u00e6ning indtil kl. 22:00.<\/li>\n<\/ul>\n<p>Vi m\u00f8des ved hovedindgangen (glasskyded\u00f8r) 10-15 minutter forinden tr\u00e6ningen. V\u00e6r opm\u00e6rksom p\u00e5, at d\u00f8ren til Folkestedet kan v\u00e6re lukket om aftenen.<\/p>\n<h3>Pr\u00f8vetr\u00e6ning \u2014 kom i gang nu<\/h3>\n<p>Shinkyokushin karate er sjovt, udfordrende og h\u00e5rdt. Der er ikke en foruds\u00e6tning for at begynde til karate, at man er topatlet eller at man kan lave bagl\u00e6ns saltomortaler. Man skal bare have lyst. Vil du finde ud af, om shinkyokushin karate er noget for dig? For nye er der mulighed for at tr\u00e6ne gratis i en m\u00e5ned. Hvis du derefter vil forts\u00e6tte, skal du meldes ind i klubben.<\/p>\n<p>Du m\u00e5 meget gerne kontakte Aarhus Shinkyokushin Karate forinden. Men du er ogs\u00e5 velkommen til bare at dukke op. M\u00f8d op ca. 10 minutter f\u00f8r tr\u00e6ningen begynder. Medbring joggingbukser eller shorts og T-shirt. Husk ogs\u00e5 en flaske vand. Der er mulighed for et bad efter tr\u00e6ningen, s\u00e5 husk ogs\u00e5 gerne et h\u00e5ndkl\u00e6de.<\/p>\n","protected":false},"excerpt":{"rendered":"<p>Tr\u00e6ningstider Vi holder til p\u00e5 Folkestedet, Carl Blochs Gade 28, 8000 Aarhus C. Vi tr\u00e6ner: mandag fra 18:00 til 19:30 i lokale 1.1 (1. sal), og torsdag fra 19:00 til 20:30 i lokale 1.4 (1. sal), med mulighed for yderligere tr\u00e6ning indtil kl. 22:00. Vi m\u00f8des ved hovedindgangen (glasskyded\u00f8r) 10-15 minutter forinden tr\u00e6ningen. V\u00e6r opm\u00e6rksom [&hellip;]<\/p>\n","protected":false},"author":1,"featured_media":0,"parent":0,"menu_order":0,"comment_status":"closed","ping_status":"closed","template":"","meta":{"footnotes":""},"class_list":["post-1361","page","type-page","status-publish","czr-hentry"],"_links":{"self":[{"href":"https:\/\/aarhusshinkyokushinkarate.dk\/index.php?rest_route=\/wp\/v2\/pages\/1361","targetHints":{"allow":["GET"]}}],"collection":[{"href":"https:\/\/aarhusshinkyokushinkarate.dk\/index.php?rest_route=\/wp\/v2\/pages"}],"about":[{"href":"https:\/\/aarhusshinkyokushinkarate.dk\/index.php?rest_route=\/wp\/v2\/types\/page"}],"author":[{"embeddable":true,"href":"https:\/\/aarhusshinkyokushinkarate.dk\/index.php?rest_route=\/wp\/v2\/users\/1"}],"replies":[{"embeddable":true,"href":"https:\/\/aarhusshinkyokushinkarate.dk\/index.php?rest_route=%2Fwp%2Fv2%2Fcomments&post=1361"}],"version-history":[{"count":40,"href":"https:\/\/aarhusshinkyokushinkarate.dk\/index.php?rest_route=\/wp\/v2\/pages\/1361\/revisions"}],"predecessor-version":[{"id":1683,"href":"https:\/\/aarhusshinkyokushinkarate.dk\/index.php?rest_route=\/wp\/v2\/pages\/1361\/revisions\/1683"}],"wp:attachment":[{"href":"https:\/\/aarhusshinkyokushinkarate.dk\/index.php?rest_route=%2Fwp%2Fv2%2Fmedia&parent=1361"}],"curies":[{"name":"wp","href":"https:\/\/api.w.org\/{rel}","templated":true}]}}