{"id":1370,"date":"2018-12-21T08:04:44","date_gmt":"2018-12-21T07:04:44","guid":{"rendered":"https:\/\/aarhusshinkyokushinkarate.dk\/?page_id=1370"},"modified":"2023-11-26T14:08:58","modified_gmt":"2023-11-26T13:08:58","slug":"priser","status":"publish","type":"page","link":"https:\/\/aarhusshinkyokushinkarate.dk\/?page_id=1370","title":{"rendered":"Priser"},"content":{"rendered":"<h3 class=\"p1\">Kontingent<\/h3>\n<p>Kontingent er kr. 150,- pr. m\u00e5ned. Kontingent forudbetales m\u00e5nedligt eller periodisk, eks. kvartalsvis. Forfaldsdato er den 5. i den m\u00e5ned, hvor kontingentet er at betale. Kvartaler begynder den 1. januar, 1. april, 1. juli og 1. oktober. Halv\u00e5r begynder den 1.\u00a0januar og 1. juli og hele \u00e5r f\u00f8lger kalender\u00e5r.<\/p>\n<h3>Betalingsoplysninger<\/h3>\n<p>Bel\u00f8b indbetales til Aarhus Shinkyokushin Karate, der har konto i Danske Bank:<\/p>\n<p>Reg.nr.:\u00a0 \u00a0 \u00a0 \u00a0 \u00a0 \u00a0 \u00a0 \u00a0 \u00a0 \u00a0 9570<\/p>\n<p>Kontonr.:\u00a0 \u00a0 \u00a0 \u00a0 \u00a0 \u00a0 \u00a0 \u00a0 \u00a013517797<\/p>\n<p>IBAN kode:\u00a0\u00a0\u00a0\u00a0\u00a0\u00a0\u00a0\u00a0\u00a0\u00a0\u00a0\u00a0\u00a0 DK8730000013517797<\/p>\n<p>BIC\/SWIFT kode:\u00a0 \u00a0 \u00a0DABADKKK<\/p>\n<p>NB. For at undg\u00e5 forglemmelse anbefales det at oprette en fast kontooverf\u00f8rsel.<\/p>\n","protected":false},"excerpt":{"rendered":"<p>Kontingent Kontingent er kr. 150,- pr. m\u00e5ned. Kontingent forudbetales m\u00e5nedligt eller periodisk, eks. kvartalsvis. Forfaldsdato er den 5. i den m\u00e5ned, hvor kontingentet er at betale. Kvartaler begynder den 1. januar, 1. april, 1. juli og 1. oktober. Halv\u00e5r begynder den 1.\u00a0januar og 1. juli og hele \u00e5r f\u00f8lger kalender\u00e5r. Betalingsoplysninger Bel\u00f8b indbetales til Aarhus [&hellip;]<\/p>\n","protected":false},"author":1,"featured_media":0,"parent":0,"menu_order":0,"comment_status":"closed","ping_status":"closed","template":"","meta":{"footnotes":""},"class_list":["post-1370","page","type-page","status-publish","czr-hentry"],"_links":{"self":[{"href":"https:\/\/aarhusshinkyokushinkarate.dk\/index.php?rest_route=\/wp\/v2\/pages\/1370","targetHints":{"allow":["GET"]}}],"collection":[{"href":"https:\/\/aarhusshinkyokushinkarate.dk\/index.php?rest_route=\/wp\/v2\/pages"}],"about":[{"href":"https:\/\/aarhusshinkyokushinkarate.dk\/index.php?rest_route=\/wp\/v2\/types\/page"}],"author":[{"embeddable":true,"href":"https:\/\/aarhusshinkyokushinkarate.dk\/index.php?rest_route=\/wp\/v2\/users\/1"}],"replies":[{"embeddable":true,"href":"https:\/\/aarhusshinkyokushinkarate.dk\/index.php?rest_route=%2Fwp%2Fv2%2Fcomments&post=1370"}],"version-history":[{"count":12,"href":"https:\/\/aarhusshinkyokushinkarate.dk\/index.php?rest_route=\/wp\/v2\/pages\/1370\/revisions"}],"predecessor-version":[{"id":1614,"href":"https:\/\/aarhusshinkyokushinkarate.dk\/index.php?rest_route=\/wp\/v2\/pages\/1370\/revisions\/1614"}],"wp:attachment":[{"href":"https:\/\/aarhusshinkyokushinkarate.dk\/index.php?rest_route=%2Fwp%2Fv2%2Fmedia&parent=1370"}],"curies":[{"name":"wp","href":"https:\/\/api.w.org\/{rel}","templated":true}]}}