{"id":1570,"date":"2023-10-02T11:34:41","date_gmt":"2023-10-02T09:34:41","guid":{"rendered":"https:\/\/aarhusshinkyokushinkarate.dk\/?page_id=1570"},"modified":"2025-05-06T21:39:49","modified_gmt":"2025-05-06T19:39:49","slug":"vedtaegter-for-aarhus-shinkyokushin-karate","status":"publish","type":"page","link":"https:\/\/aarhusshinkyokushinkarate.dk\/?page_id=1570","title":{"rendered":"Vedt\u00e6gter"},"content":{"rendered":"\n<h3 class=\"wp-block-heading\">Foreningens navn, hjemsted og tilh\u00f8rsforhold<\/h3>\n\n\n\n<p><strong>\u00a7&nbsp;1.<\/strong> Foreningen \u201eAarhus Shinkyokushin Karate\u201d, der har hjemsted i Aarhus Kommune, blev stiftet den 12. september 2018.<br> &nbsp;&nbsp;&nbsp;&nbsp;<em>Stk.&nbsp;2<\/em>. Foreningen skal v\u00e6re medlem af Dansk Karate Union, herefter ben\u00e6vnt DKU.<\/p>\n\n\n\n<h3 class=\"wp-block-heading\">Foreningens form\u00e5l og v\u00e6rdigrundlag<\/h3>\n\n\n\n<p><strong>\u00a7&nbsp;2.<\/strong> Foreningens form\u00e5l er:<br>\n&nbsp;&nbsp;&nbsp;&nbsp;&nbsp;a)&nbsp;at fremme socialt samv\u00e6r mellem b\u00f8rn, unge og voksne gennem karatetr\u00e6ning;<br>\n&nbsp;&nbsp;&nbsp;&nbsp;&nbsp;b)&nbsp;at tr\u00e6ne karate efter japanske principper;<br>\n&nbsp;&nbsp;&nbsp;&nbsp;&nbsp;c)&nbsp;at udbrede kendskabet til Kyokushin\/Shinkyokushin karate;<br>\n&nbsp;&nbsp;&nbsp;&nbsp;&nbsp;d)&nbsp;at styrke medlemmernes fysik og psyke samt st\u00f8tte dem i at udfordre egen form\u00e5en gennem vedholdende karatetr\u00e6ning og den filosofiske fordybelse, der ligger bag.<br> &nbsp;&nbsp;&nbsp;&nbsp;&nbsp;<em>Stk.&nbsp;2.<\/em> Foreningens v\u00e6rdigrundlag er:<br>\n&nbsp;&nbsp;&nbsp;&nbsp;&nbsp;a)&nbsp;at f\u00f8lge Kyokushin-\/Shinkyokushin-vejen og l\u00e6re den japanske vej;<br>\n&nbsp;&nbsp;&nbsp;&nbsp;&nbsp;b)&nbsp;at udvikle den enkelte elevs styrke og psyke;<br>\n&nbsp;&nbsp;&nbsp;&nbsp;&nbsp;c)&nbsp;at tr\u00e6ne, for at opn\u00e5 en h\u00f8j teknisk standard, b\u00e5de som elev og instrukt\u00f8r;<br>\n&nbsp;&nbsp;&nbsp;&nbsp;&nbsp;d)&nbsp;at tilstr\u00e6be \u00e5benhed og loyalitet over for hinanden, instrukt\u00f8rerne og foreningen;<br>\n&nbsp;&nbsp;&nbsp;&nbsp;&nbsp;e)&nbsp;at udvise gensidig respekt, uanset b\u00e6ltegrad;<br>\n&nbsp;&nbsp;&nbsp;&nbsp;&nbsp;f)&nbsp;at v\u00e6rne om hinanden og st\u00f8tte op om f\u00e6llesskabet;<br>\n&nbsp;&nbsp;&nbsp;&nbsp;&nbsp;g)&nbsp;at give uselvisk i ydmyghed;<br>\n&nbsp;&nbsp;&nbsp;&nbsp;&nbsp;h)&nbsp;at foreg\u00e5 med et godt eksempel, ogs\u00e5 uden for klubben.<br>\n&nbsp;&nbsp;&nbsp;&nbsp;&nbsp;<em>Stk.&nbsp;3.<\/em> Foreningen vil som medlem af DKU arbejde for udbredelse af fair idr\u00e6t og efterleve de til enhver tid g\u00e6ldende love og regler for DKU.<\/p>\n\n\n\n<h3 class=\"wp-block-heading\">Medlemskab<\/h3>\n\n\n\n<p><strong>\u00a7&nbsp;3.<\/strong> Som medlem kan optages enhver, der tilslutter sig foreningens form\u00e5l og v\u00e6rdigrundlag.<br> &nbsp;&nbsp;&nbsp;&nbsp;&nbsp;<em>Stk.&nbsp;2.<\/em> Medlemskab opn\u00e5s ved henvendelse til foreningens bestyrelse og udfyldelse af indmeldelsesformular. For personer under 18 \u00e5r skal indmeldelsen underskrives af for\u00e6lder\/v\u00e6rge.<br> &nbsp;&nbsp;&nbsp;&nbsp;&nbsp;<em>Stk.&nbsp;3.<\/em> Foreningen opererer med differentieret medlemskab, som opdeles i f\u00f8lgende kategorier:<br> &nbsp;&nbsp;&nbsp;&nbsp;&nbsp;a)&nbsp;fuldt kontingent;<br> &nbsp;&nbsp;&nbsp;&nbsp;&nbsp;b)&nbsp;nedsat kontingent;<br> &nbsp;&nbsp;&nbsp;&nbsp;&nbsp;c)&nbsp;anden form for ydelse;<br> &nbsp;&nbsp;&nbsp;&nbsp;&nbsp;d)&nbsp;passivt medlemskab.<br>Bestyrelsen fasts\u00e6tter regler for afgr\u00e6nsningen mellem de enkelte medlemskategorier. Tvivl om et medlems indplacering i en medlemskategori afg\u00f8res endeligt af generalforsamlingen.<br> &nbsp;&nbsp;&nbsp;&nbsp;&nbsp;<em>Stk.&nbsp;4.<\/em> Medlemmerne betaler et af generalforsamlingen fastsat kontingent. Medlemskabets opretholdelse foruds\u00e6tter rettidig indbetaling af kontingent. Bestyrelsen fasts\u00e6tter frist for betaling.<br> &nbsp;&nbsp;&nbsp;&nbsp;&nbsp;<em>Stk.&nbsp;5.<\/em> Det forventes til enhver tid, at medlemmer overholder karate-etiketten, som er beskrevet i foreningens v\u00e6rdigrundlag.<br> &nbsp;&nbsp;&nbsp;&nbsp;&nbsp;<em>Stk.&nbsp;6.<\/em> Klubbens medlemmer, herunder instrukt\u00f8rer, bestyrelse og frivillige, er forpligtet til at efterleve de internationale antidopingregler iht. World Anti-Doping Code (WADC) samt de til enhver tid g\u00e6ldende regler, som foreningen er underlagt i medf\u00f8r af samarbejdsaftalen mellem DKU og Anti Doping Danmark om bek\u00e6mpelse af doping.<br> &nbsp;&nbsp;&nbsp;&nbsp;&nbsp;<em>Stk.&nbsp;7.<\/em> Udmeldelse skal ske skriftligt til et medlem af bestyrelsen.<br> &nbsp;&nbsp;&nbsp;&nbsp;&nbsp;<em>Stk.&nbsp;8.<\/em> Bestyrelsen har bemyndigelse til p\u00e5 saglig grund at udelukke et medlem midlertidigt (karant\u00e6ne) eller permanent (eksklusion), s\u00e5fremt vedkommende handler til skade for foreningen, vedkommendes opf\u00f8rsel strider mod foreningens vedt\u00e6gter, eller vedkommende p\u00e5 s\u00e6rlig grov m\u00e5de har misligholdt sine medlemspligter. I sager om karant\u00e6ne s\u00e5vel som eksklusion har medlemmet ret til at g\u00f8re indsigelse. I sager om eksklusion har medlemmet desuden krav p\u00e5, at sagen behandles som et selvst\u00e6ndigt punkt p\u00e5 f\u00f8rstkommende generalforsamling. En generalforsamlings vedtagelse om eksklusion kr\u00e6ver samme majoritet som en vedt\u00e6gts\u00e6ndring.<br> &nbsp;&nbsp;&nbsp;&nbsp;&nbsp;<em>Stk.&nbsp;9.<\/em> Et ekskluderet medlem kan under s\u00e6rlige omst\u00e6ndigheder ans\u00f8ge om genoptagelse i foreningen. Sagen vil blive behandlet som et selvst\u00e6ndigt punkt p\u00e5 f\u00f8rstkommende generalforsamling. Oph\u00e6velse af eksklusion kr\u00e6ver samme majoritet som vedt\u00e6gts\u00e6ndringer.<br> &nbsp;&nbsp;&nbsp;&nbsp;&nbsp;<em>Stk.&nbsp;10.<\/em> Det p\u00e5hviler bestyrelsen uden un\u00f8dig forsinkelse at meddele s\u00e5vel eksklusion som oph\u00e6velse heraf til DKU.<\/p>\n\n\n\n<h3 class=\"wp-block-heading\">Myndighed og ordin\u00e6r generalforsamling<\/h3>\n\n\n<p><strong>\u00a7&nbsp;4.<\/strong> Foreningens h\u00f8jeste myndighed er generalforsamlingen.<br \/>\n&nbsp;&nbsp;&nbsp;&nbsp;&nbsp;<em>Stk.&nbsp;2.<\/em> Ordin\u00e6r generalforsamling holdes \u00e9n gang \u00e5rligt forinden udgangen af marts m\u00e5ned. Dato, tid og sted for ordin\u00e6r generalforsamling skal bekendtg\u00f8res senest 6 uger forud p\u00e5 foreningens hjemmeside og p\u00e5 Facebook. Senest 2 uger f\u00f8r generalforsamlingen offentligg\u00f8res dagsorden p\u00e5 foreningens hjemmeside og p\u00e5 Facebook.<br \/>\n&nbsp;&nbsp;&nbsp;&nbsp;&nbsp;<em>Stk.&nbsp;3.<\/em> Forslag, der \u00f8nskes behandlet p\u00e5 den ordin\u00e6re generalforsamling, skal frems\u00e6ttes skriftligt og v\u00e6re bestyrelsen i h\u00e6nde senest 4 uger f\u00f8r generalforsamlingen. Forslagsstillers navn skal fremg\u00e5 tydeligt af forslaget.<br \/> &nbsp;&nbsp;&nbsp;&nbsp;&nbsp;<em>Stk.&nbsp;4.<\/em> Dagsorden for den ordin\u00e6re generalforsamling skal som minimum indeholde f\u00f8lgende punkter:<br \/>\n&nbsp;&nbsp;&nbsp;&nbsp;&nbsp;1.&nbsp;Valg af dirigent og referent.<br \/>\n&nbsp;&nbsp;&nbsp;&nbsp;&nbsp;2.&nbsp;Bestyrelsens \u00e5rsberetning.<br \/>\n&nbsp;&nbsp;&nbsp;&nbsp;&nbsp;3.&nbsp;Forel\u00e6ggelse af revideret \u00e5rsregnskab til godkendelse.<br \/>\n&nbsp;&nbsp;&nbsp;&nbsp;&nbsp;4.&nbsp;\u00c6ndring af vedt\u00e6gter.<br \/>\n&nbsp;&nbsp;&nbsp;&nbsp;&nbsp;5.&nbsp;Behandling af indkomne forslag.<br \/>\n&nbsp;&nbsp;&nbsp;&nbsp;&nbsp;6.&nbsp;Drift og budget for det igangv\u00e6rende regnskabs\u00e5r, herunder fasts\u00e6ttelse af kontingent.<br \/>\n&nbsp;&nbsp;&nbsp;&nbsp;&nbsp;7.&nbsp;Valg til bestyrelsen og af suppleant(er) til bestyrelsen.<br \/>\n&nbsp;&nbsp;&nbsp;&nbsp;&nbsp;8.&nbsp;Valg af revisor.<br \/>\n&nbsp;&nbsp;&nbsp;&nbsp;&nbsp;9.&nbsp;Eventuelt.<br \/>\n&nbsp;&nbsp;&nbsp;&nbsp;&nbsp;<em>Stk.&nbsp;5.<\/em> Adgang til generalforsamlingen har alle foreningens medlemmer samt hvem bestyrelsen m\u00e5tte indbyde.<br \/>\n&nbsp;&nbsp;&nbsp;&nbsp;&nbsp;<em>Stk.&nbsp;6.<\/em> Generalforsamlingen ledes af en dirigent, der ikke m\u00e5 v\u00e6re medlem af bestyrelsen.<br \/>\n&nbsp;&nbsp;&nbsp;&nbsp;&nbsp;<em>Stk.&nbsp;7.<\/em> En rettidig indvarslet generalforsamling er beslutningsdygtig, uanset de fremm\u00f8dtes antal, medmindre andet er specificeret i disse vedt\u00e6gter (se \u00a7 10, stk. 1, og \u00a7 11, stk. 1). Der kan kun stemmes ved personligt fremm\u00f8de. Stemmeret har ethvert medlem, som ikke er i restance og er fyldt 18 \u00e5r. Ethvert medlem under 18 \u00e5r, som ikke er i restance, repr\u00e6senteres af for\u00e6lder eller v\u00e6rge, der har stemmeret p\u00e5 medlemmets vegne. Generalforsamlingen tr\u00e6ffer sine beslutninger ved simpelt stemmeflertal og ved h\u00e5ndsopr\u00e6kning; skriftlig afstemning anvendes dog, n\u00e5r det beg\u00e6res af blot \u00e9n deltager. Ved personvalg, hvor der er foresl\u00e5et flere kandidater end det antal, der skal v\u00e6lges, foretages altid skriftlig afstemning. Ved s\u00e5danne personvalg anvendes reglen om simpelt flertal. Ved stemmelighed afg\u00f8res personvalg ved lodtr\u00e6kning.<br \/>\n&nbsp;&nbsp;&nbsp;&nbsp;&nbsp;<em>Stk.&nbsp;8.<\/em> Valgbar til bestyrelsen er ethvert medlem, der er fyldt 18 \u00e5r og har stemmeret, samt for\u00e6lder til ethvert medlem under 18 \u00e5r. Udelukket fra bestyrelsen er enhver, som ikke kan forpligte sig ved retshandler. Medlemmer af bestyrelsen v\u00e6lges for en 2-\u00e5rig periode med halvdelen hvert \u00e5r. Suppleant(er) og revisor v\u00e6lges for 1 \u00e5r. Genvalg kan finde sted.<br \/>\n&nbsp;&nbsp;&nbsp;&nbsp;&nbsp;<em>Stk.&nbsp;9.<\/em> Hvis et bestyrelsesmedlem udtr\u00e6der i en valgperiode, v\u00e6lges et nyt medlem ved den f\u00f8rstkommende generalforsamling for den resterende del af valgperioden. Ved valg af to nye medlemmer, hvor \u00e9n erstatter et udtr\u00e5dt medlem, v\u00e6lges den, der opn\u00e5r flest stemmer, for en fuld 2-\u00e5rig periode. Den, der opn\u00e5r f\u00e6rrest stemmer, v\u00e6lges for den resterende del af det udtr\u00e5dte medlems periode. Ved stemmelighed afg\u00f8res fordeling af perioder ved lodtr\u00e6kning.<br \/>\n&nbsp;&nbsp;&nbsp;&nbsp;&nbsp;<em>Stk.&nbsp;10.<\/em> Der optages beslutningsreferat af enhver generalforsamling; stemmetal og mindretalsudsagn anf\u00f8res i referatet. Referatet underskrives af dirigenten. Senest 2 m\u00e5neder efter generalforsamlingen offentligg\u00f8res referatet p\u00e5 foreningens hjemmeside og p\u00e5 Facebook.<\/p>\n\n\n<h3 class=\"wp-block-heading\">Ekstraordin\u00e6r generalforsamling<\/h3>\n\n\n\n<p><strong>\u00a7&nbsp;5.<\/strong> Ekstraordin\u00e6r generalforsamling afholdes efter beslutning af bestyrelsen, eller n\u00e5r mindst 1\/4 af foreningens stemmeberettigede medlemmer over for bestyrelsen skriftligt frems\u00e6tter motiveret forlangende herom, ledsaget af en dagsorden. I s\u00e5 tilf\u00e6lde skal generalforsamlingen afholdes senest 4 uger efter, at bestyrelsen har modtaget forlangendet.<br>\n&nbsp;&nbsp;&nbsp;&nbsp;&nbsp;<em>Stk.&nbsp;2.<\/em> Bestyrelsen har en frist p\u00e5 8 dage efter, at bestyrelsen har modtaget forlangendet, til at varsle den ekstraordin\u00e6re generalforsamling. Ekstraordin\u00e6r generalforsamling indkaldes med forkortet varsel, senest 14 dage f\u00f8r dens afholdelse. Indkaldelsen skal angive, at det er en ekstraordin\u00e6r generalforsamling, samt tid, sted og dagsorden.<br>\n&nbsp;&nbsp;&nbsp;&nbsp;&nbsp;<em>Stk.&nbsp;3.<\/em> S\u00e5fremt 4\/5 eller flere af underskriverne p\u00e5 forlangendet udebliver fra den ekstraordin\u00e6re generalforsamling, anses foruds\u00e6tningen for bristet.<\/p>\n\n\n\n<h3 class=\"wp-block-heading\">Foreningens ledelse<\/h3>\n\n\n\n<p><strong>\u00a7&nbsp;6.<\/strong> Foreningens daglige ledelse ud\u00f8ves af en bestyrelse, best\u00e5ende af 4 medlemmer. Bestyrelsen konstituerer sig selv umiddelbart efter hver ordin\u00e6r generalforsamling. De faste poster er formand og kasserer. Foreningen repr\u00e6senteres i DKU\u2019s bestyrelse af formanden, der kan udpege en stedfortr\u00e6der.<br>\n&nbsp;&nbsp;&nbsp;&nbsp;<em>Stk. 2.<\/em> Bestyrelsen fasts\u00e6tter selv sin forretningsorden og tr\u00e6ffer de beslutninger, der er n\u00f8dvendige for foreningens drift og varetagelse af foreningens interesser.<br>\n&nbsp;&nbsp;&nbsp;&nbsp;<em>Stk. 3.<\/em> Bestyrelsen er beslutningsdygtig, n\u00e5r mindst 3\/4 er fremm\u00f8dt. Ved stemmelighed er formandens stemme udslagsgivende. Hvis antallet af bestyrelsesmedlemmer i en valgperiode reduceres, men bestyrelsen fortsat er beslutningsdygtig med de tilbagev\u00e6rende medlemmer, er bestyrelsen ikke forpligtet til at indkalde til ekstraordin\u00e6r generalforsamling. Ifald bestyrelsen ikke l\u00e6ngere er beslutningsdygtig, er bestyrelsen forpligtet til at indkalde til ekstraordin\u00e6r generalforsamling, dog ikke, s\u00e5fremt der allerede er indkaldt til ordin\u00e6r generalforsamling.<br>\n&nbsp;&nbsp;&nbsp;&nbsp;<em>Stk. 4.<\/em> Det p\u00e5hviler bestyrelsen at opretholde foreningens CVR-nummer og NemKonto. Hvis foreningen modtager tilskud eller vil s\u00f8ge tilskud fra Aarhus Kommune eller en anden offentlig myndighed, skal foreningen have et CVR-nummer og en NemKonto. Foreningen skal forny sin registrering af CVR-nummer senest hver 3. \u00e5r.<\/p>\n\n\n<h3 class=\"wp-block-heading\">B\u00f8rneattester<\/h3>\n\n\n<p><strong>\u00a7&nbsp;6 a.<\/strong> Det p\u00e5hviler foreningens bestyrelse \u00e9n gang \u00e5rligt at afgive en tro og love-erkl\u00e6ring til Aarhus Kommune om, at foreningen overholder reglerne om indhentning af b\u00f8rneattester, jf. Folkeoplysningslovens \u00a7 4, stk. 4.<br>\n&nbsp;&nbsp;&nbsp;&nbsp;<em>Stk. 2.<\/em> Hvis b\u00f8rn under 15 \u00e5r deltager i foreningens aktiviteter, p\u00e5hviler det bestyrelsen at indhente b\u00f8rneattester. I medf\u00f8r af bekendtg\u00f8relse nr. 1211 af 29. august 2022 har foreningen pligt til at indhente b\u00f8rneattest fra Det Centrale Kriminalregister (Kriminalregisteret) for:<br>\n&nbsp;&nbsp;&nbsp;&nbsp;a) personer, der som led i udf\u00f8relsen af deres opgaver skal have direkte kontakt med b\u00f8rn under 15 \u00e5r;<br>\n&nbsp;&nbsp;&nbsp;&nbsp;b) personer, der som led i udf\u00f8relsen af deres opgaver f\u00e6rdes fast blandt b\u00f8rn under 15 \u00e5r og derved har mulighed for at opn\u00e5 direkte kontakt med disse b\u00f8rn.<br>\n&nbsp;&nbsp;&nbsp;&nbsp;<em>Stk. 3.<\/em> Det p\u00e5hviler bestyrelsen \u00e9n gang \u00e5rligt at indhente b\u00f8rneattest for personer, s\u00e5 l\u00e6nge dette er relevant.<br>\n&nbsp;&nbsp;&nbsp;&nbsp;<em>Stk. 4.<\/em> B\u00f8rneattester er fortrolige, og bestyrelsen er p\u00e5lagt tavshedspligt i forhold til disse attester. Tavshedspligten g\u00e6lder ogs\u00e5 for bestyrelsesmedlemmer, efter de er tr\u00e5dt ud af bestyrelsen.<br>\n&nbsp;&nbsp;&nbsp;&nbsp;<em>Stk. 5.<\/em> Hvis foreningen modtager en b\u00f8rneattest fra Kriminalregistret med oplysninger om dom for seksuel misbrug af b\u00f8rn eller unge, p\u00e5hviler det bestyrelsen uden un\u00f8dig forsinkelse at meddele dette til Aarhus Kommune, DKU og DGI.<\/p>\n\n\n\n<h3 class=\"wp-block-heading\">Tegningsret og h\u00e6ftelse<\/h3>\n\n\n\n<p><strong>\u00a7&nbsp;7.<\/strong> Foreningen tegnes af enten:<br>\n&nbsp;&nbsp;&nbsp;&nbsp;a)&nbsp;Dispositioner, der andrager indtil 3.000 dkr., kan varetages af ethvert bestyrelsesmedlem.<br>\n&nbsp;&nbsp;&nbsp;&nbsp;b)&nbsp;Dispositioner, der andrager mere end 3.000 dkr., kan varetages af formanden og kassereren i forening eller, ved en af disses frav\u00e6r, formanden eller kassereren og to andre bestyrelsesmedlemmer.<br>\n&nbsp;&nbsp;&nbsp;&nbsp;c)&nbsp;K\u00f8b, pants\u00e6tning eller salg af fast ejendom samt l\u00e5noptagelse skal godkendes af generalforsamlingen.<br>\n&nbsp;&nbsp;&nbsp;&nbsp;d)&nbsp;Den samlede bestyrelse kan meddele prokura.<br><br>\n<strong>\u00a7&nbsp;8.<\/strong> Foreningen er en \u201eideel forening\u201d, hvorved forst\u00e5s en sammenslutning, hvis form\u00e5l ikke er at fremme medlemmernes \u00f8konomiske interesser, men snarere et form\u00e5l, der ikke har \u00f8konomisk vinding for medlemmerne som hovedm\u00e5l.<br>\n&nbsp;&nbsp;&nbsp;&nbsp;<em>Stk. 2.<\/em> Det er et almindeligt g\u00e6ldende princip i dansk ret, at medlemmer af en ideel forenings bestyrelse som hovedregel ikke h\u00e6fter personligt for foreningens \u00f8konomiske forpligtelser, herunder offentlige tilskud, som foreningen har modtaget. Et medlem af bestyrelsen h\u00e6fter heller ikke for beslutninger, som vedkommende ikke har stemt for, forudsat at beslutningen er truffet i overensstemmelse med lovgivning og foreningens vedt\u00e6gter. Som udgangspunkt h\u00e6fter kun foreningens formue for forpligtelser indg\u00e5et i foreningens navn. Bestyrelsesmedlemmer kan dog blive personligt ansvarlige, hvis de handler i strid med g\u00e6ldende lovgivning, foreningens vedt\u00e6gter eller tr\u00e6ffer beslutninger, der p\u00e5f\u00f8rer foreningen \u00f8konomisk skade.<br>\n&nbsp;&nbsp;&nbsp;&nbsp;<em>Stk. 3.<\/em> I medf\u00f8r af Folkeoplysningslovens \u00a7 31, stk. 2, 1. pkt., h\u00e6fter bestyrelsens medlemmer personligt for tilskud, som foreningen har modtaget efter denne lov, hvis krav om tilbagebetaling er opst\u00e5et ved retsstridig handling eller undladelse, der kan tilregnes p\u00e5g\u00e6ldende som fors\u00e6tlig eller uagtsom.<\/p>\n\n\n\n<h3 class=\"wp-block-heading\">Regnskab<\/h3>\n\n\n\n<p><strong>\u00a7&nbsp;9.<\/strong> Bestyrelsen f\u00f8rer foreningens regnskab og har pligt til p\u00e5 forlangende at forevise et ajourf\u00f8rt regnskab p\u00e5 forlangende.<br>\n&nbsp;&nbsp;&nbsp;&nbsp;<em>Stk. 2.<\/em> Foreningens regnskabs\u00e5r er kalender\u00e5ret. Regnskabet revideres af foreningens revisor, valgt p\u00e5 den ordin\u00e6re generalforsamling. \u00c5rsregnskabet skal v\u00e6re indgivet til revision inden 1. marts i det f\u00f8lgende \u00e5r.<br>\n&nbsp;&nbsp;&nbsp;&nbsp;<em>Stk. 3.<\/em> P\u00e5 den ordin\u00e6re generalforsamling skal \u00e5rsregnskabet forel\u00e6gges med bestyrelsens indstilling om godkendelse af regnskabet og forsynet med revisorens p\u00e5tegning.<\/p>\n\n\n\n<h3 class=\"wp-block-heading\">Vedt\u00e6gts\u00e6ndringer<\/h3>\n\n\n\n<p><strong>\u00a7&nbsp;10.<\/strong>&nbsp;Disse vedt\u00e6gter kan kun \u00e6ndres af en generalforsamling, hvor mindst 2\/3 af foreningens stemmeberettigede medlemmer er til stede.<br>\n&nbsp;&nbsp;&nbsp;&nbsp;<em>Stk. 2.<\/em> For at \u00e6ndringsforslag kan vedtages, kr\u00e6ves simpelt stemmeflertal.<br>\n&nbsp;&nbsp;&nbsp;&nbsp;<em>Stk. 3.<\/em> \u00c6ndrede vedt\u00e6gter skal indsendes til Aarhus Kommune, Sport &amp; Fritid for at f\u00e5 bekr\u00e6ftet, at de til stadighed opfylder krav i medf\u00f8r af Folkeoplysningsloven.<\/p>\n\n\n\n<h3 class=\"wp-block-heading\">Opl\u00f8sning<\/h3>\n\n\n\n<p><strong>\u00a7&nbsp;11.<\/strong> Forslag til foreningens opl\u00f8sning kan kun behandles p\u00e5 en i dette \u00f8jemed s\u00e6rlig indkaldt ekstraordin\u00e6r generalforsamling. For at denne er beslutningsdygtig kr\u00e6ves, at mindst 2\/3 af foreningens stemmeberettigede medlemmer er til stede.<br>\n&nbsp;&nbsp;&nbsp;&nbsp;<em>Stk. 2.<\/em> For at \u00e6ndringsforslag kan vedtages, kr\u00e6ves, at mindst 3\/4 af de afgivne stemmer er for forslaget. Opn\u00e5s et s\u00e5dant flertal p\u00e5 en generalforsamling, der er ikke er beslutningsdygtig, indkaldes til en ny ekstraordin\u00e6r generalforsamling, hvor beslutningen tr\u00e6ffes med simpelt stemmeflertal, uanset hvilket antal stemmeberettigede medlemmer, der er til stede.<br>\n&nbsp;&nbsp;&nbsp;&nbsp;<em>Stk. 3.<\/em> I tilf\u00e6lde af foreningens opl\u00f8sning skal et eventuelt overskud, der er opst\u00e5et ved deltagerbetaling, tilfalde almennyttige form\u00e5l indenfor Folkeoplysningslovens omr\u00e5de. Beslutning om den konkrete anvendelse af formuen, herunder eventuel fast ejendom, tr\u00e6ffes af den opl\u00f8sende generalforsamling.<\/p>\n\n\n\n<p>___&nbsp;&nbsp;___&nbsp;&nbsp;___<br><br>S\u00e5ledes vedtaget p\u00e5 den stiftende generalforsamling den 12. september 2018, den ordin\u00e6re generalforsamling den 2. august 2023, den ordin\u00e6re generalforsamling den 19. marts 2024, samt den ordin\u00e6re generalforsamling den 31. marts 2025.<\/p>\n\n\n\n<p><\/p>\n","protected":false},"excerpt":{"rendered":"<p>Foreningens navn, hjemsted og tilh\u00f8rsforhold \u00a7&nbsp;1. Foreningen \u201eAarhus Shinkyokushin Karate\u201d, der har hjemsted i Aarhus Kommune, blev stiftet den 12. september 2018. &nbsp;&nbsp;&nbsp;&nbsp;Stk.&nbsp;2. Foreningen skal v\u00e6re medlem af Dansk Karate Union, herefter ben\u00e6vnt DKU. Foreningens form\u00e5l og v\u00e6rdigrundlag \u00a7&nbsp;2. Foreningens form\u00e5l er: &nbsp;&nbsp;&nbsp;&nbsp;&nbsp;a)&nbsp;at fremme socialt samv\u00e6r mellem b\u00f8rn, unge og voksne gennem karatetr\u00e6ning; &nbsp;&nbsp;&nbsp;&nbsp;&nbsp;b)&nbsp;at tr\u00e6ne [&hellip;]<\/p>\n","protected":false},"author":1,"featured_media":0,"parent":0,"menu_order":0,"comment_status":"closed","ping_status":"closed","template":"","meta":{"footnotes":""},"class_list":["post-1570","page","type-page","status-publish","czr-hentry"],"_links":{"self":[{"href":"https:\/\/aarhusshinkyokushinkarate.dk\/index.php?rest_route=\/wp\/v2\/pages\/1570","targetHints":{"allow":["GET"]}}],"collection":[{"href":"https:\/\/aarhusshinkyokushinkarate.dk\/index.php?rest_route=\/wp\/v2\/pages"}],"about":[{"href":"https:\/\/aarhusshinkyokushinkarate.dk\/index.php?rest_route=\/wp\/v2\/types\/page"}],"author":[{"embeddable":true,"href":"https:\/\/aarhusshinkyokushinkarate.dk\/index.php?rest_route=\/wp\/v2\/users\/1"}],"replies":[{"embeddable":true,"href":"https:\/\/aarhusshinkyokushinkarate.dk\/index.php?rest_route=%2Fwp%2Fv2%2Fcomments&post=1570"}],"version-history":[{"count":14,"href":"https:\/\/aarhusshinkyokushinkarate.dk\/index.php?rest_route=\/wp\/v2\/pages\/1570\/revisions"}],"predecessor-version":[{"id":1665,"href":"https:\/\/aarhusshinkyokushinkarate.dk\/index.php?rest_route=\/wp\/v2\/pages\/1570\/revisions\/1665"}],"wp:attachment":[{"href":"https:\/\/aarhusshinkyokushinkarate.dk\/index.php?rest_route=%2Fwp%2Fv2%2Fmedia&parent=1570"}],"curies":[{"name":"wp","href":"https:\/\/api.w.org\/{rel}","templated":true}]}}